{"id":5525,"date":"2026-04-17T22:29:09","date_gmt":"2026-04-17T20:29:09","guid":{"rendered":"https:\/\/www.fireisland.fr\/?post_type=product&#038;p=5525"},"modified":"2026-04-17T22:41:08","modified_gmt":"2026-04-17T20:41:08","slug":"plaque-aimantee-pour-casier-pompiers","status":"publish","type":"product","link":"https:\/\/www.fireisland.fr\/index.php\/produit\/plaque-aimantee-pour-casier-pompiers\/","title":{"rendered":"Plaque aimant\u00e9e pour casier pompiers"},"content":{"rendered":"<p>Plaque 5cm x 20cm aimant\u00e9e pour fixer sur le casier.<\/p>\n<p>partie grade \u00e0 scratcher<\/p>\n<p>Scratch personnalis\u00e9 avec le nom floqu\u00e9 sur le scratch<\/p>\n<p>Logo de la caserne, ou image \u00e0 d\u00e9finir (casque pompier), grav\u00e9 sue la plaque<\/p>\n<p>Pour le logo, apr\u00e8s la commande, envoyez le fichier \u00e0 <a href=\"mailto:fireislandaccessoires@gmail.com\">fireislandaccessoires@gmail.com<\/a> avec le num\u00e9ro de commande.<\/p>\n<p>Le produit ne comporte pas le grade.<\/p>\n<p>Plaque blanche mais possibilit\u00e9 d&rsquo;autres couleurs<\/p>\n<p>&nbsp;<\/p>\n<p>Possibilit\u00e9 de tarifs d\u00e9gressifs, pour cela, envoyez un mail pour obtenir un devis : <a href=\"mailto:fireislandaccessoires@gmail.com\">fireislandaccessoires@gmail.com<\/a><\/p>\n","protected":false},"excerpt":{"rendered":"<p>Plaque 5cm x 20cm aimant\u00e9e pour fixer sur le casier. partie grade \u00e0 scratcher Scratch personnalis\u00e9 avec le nom floqu\u00e9 sur le scratch Logo de la caserne, ou image \u00e0 d\u00e9finir (casque pompier), grav\u00e9 sue la plaque Pour le logo, apr\u00e8s la commande, envoyez le fichier \u00e0 fireislandaccessoires@gmail.com avec le num\u00e9ro de commande. Le produit&hellip;<\/p>\n","protected":false},"featured_media":5526,"comment_status":"open","ping_status":"closed","template":"","meta":[],"product_brand":[],"product_cat":[31,32],"product_tag":[],"class_list":{"0":"post-5525","1":"product","2":"type-product","3":"status-publish","4":"has-post-thumbnail","6":"product_cat-accessoires-divers","7":"product_cat-signaletique","9":"first","10":"instock","11":"shipping-taxable","12":"purchasable","13":"product-type-simple"},"jetpack_sharing_enabled":true,"_links":{"self":[{"href":"https:\/\/www.fireisland.fr\/index.php\/wp-json\/wp\/v2\/product\/5525","targetHints":{"allow":["GET"]}}],"collection":[{"href":"https:\/\/www.fireisland.fr\/index.php\/wp-json\/wp\/v2\/product"}],"about":[{"href":"https:\/\/www.fireisland.fr\/index.php\/wp-json\/wp\/v2\/types\/product"}],"replies":[{"embeddable":true,"href":"https:\/\/www.fireisland.fr\/index.php\/wp-json\/wp\/v2\/comments?post=5525"}],"wp:featuredmedia":[{"embeddable":true,"href":"https:\/\/www.fireisland.fr\/index.php\/wp-json\/wp\/v2\/media\/5526"}],"wp:attachment":[{"href":"https:\/\/www.fireisland.fr\/index.php\/wp-json\/wp\/v2\/media?parent=5525"}],"wp:term":[{"taxonomy":"product_brand","embeddable":true,"href":"https:\/\/www.fireisland.fr\/index.php\/wp-json\/wp\/v2\/product_brand?post=5525"},{"taxonomy":"product_cat","embeddable":true,"href":"https:\/\/www.fireisland.fr\/index.php\/wp-json\/wp\/v2\/product_cat?post=5525"},{"taxonomy":"product_tag","embeddable":true,"href":"https:\/\/www.fireisland.fr\/index.php\/wp-json\/wp\/v2\/product_tag?post=5525"}],"curies":[{"name":"wp","href":"https:\/\/api.w.org\/{rel}","templated":true}]}}