{"id":5122,"date":"2025-12-08T13:47:33","date_gmt":"2025-12-08T12:47:33","guid":{"rendered":"https:\/\/www.fireisland.fr\/index.php\/produit\/carnet-sapeur-pompier\/"},"modified":"2026-02-08T12:46:14","modified_gmt":"2026-02-08T11:46:14","slug":"carnet-sapeur-pompier","status":"publish","type":"product","link":"https:\/\/www.fireisland.fr\/index.php\/produit\/carnet-sapeur-pompier\/","title":{"rendered":"Carnet sapeur-pompier"},"content":{"rendered":"<h4>Carnet personnel o\u00fa vous pourrez noter et quantifier vos sorties de secours .<\/h4>\n<h4>Vous pourrez \u00e9galement les cat\u00e9goriser via son code couleur .<\/h4>\n","protected":false},"excerpt":{"rendered":"<p>Carnet personnel o\u00fa vous pourrez noter et quantifier vos sorties de secours . Vous pourrez \u00e9galement les cat\u00e9goriser via son code couleur .<\/p>\n","protected":false},"featured_media":5120,"comment_status":"open","ping_status":"closed","template":"","meta":[],"product_brand":[],"product_cat":[31],"product_tag":[],"class_list":{"0":"post-5122","1":"product","2":"type-product","3":"status-publish","4":"has-post-thumbnail","6":"product_cat-accessoires-divers","8":"first","9":"instock","10":"shipping-taxable","11":"purchasable","12":"product-type-simple"},"jetpack_sharing_enabled":true,"_links":{"self":[{"href":"https:\/\/www.fireisland.fr\/index.php\/wp-json\/wp\/v2\/product\/5122","targetHints":{"allow":["GET"]}}],"collection":[{"href":"https:\/\/www.fireisland.fr\/index.php\/wp-json\/wp\/v2\/product"}],"about":[{"href":"https:\/\/www.fireisland.fr\/index.php\/wp-json\/wp\/v2\/types\/product"}],"replies":[{"embeddable":true,"href":"https:\/\/www.fireisland.fr\/index.php\/wp-json\/wp\/v2\/comments?post=5122"}],"wp:featuredmedia":[{"embeddable":true,"href":"https:\/\/www.fireisland.fr\/index.php\/wp-json\/wp\/v2\/media\/5120"}],"wp:attachment":[{"href":"https:\/\/www.fireisland.fr\/index.php\/wp-json\/wp\/v2\/media?parent=5122"}],"wp:term":[{"taxonomy":"product_brand","embeddable":true,"href":"https:\/\/www.fireisland.fr\/index.php\/wp-json\/wp\/v2\/product_brand?post=5122"},{"taxonomy":"product_cat","embeddable":true,"href":"https:\/\/www.fireisland.fr\/index.php\/wp-json\/wp\/v2\/product_cat?post=5122"},{"taxonomy":"product_tag","embeddable":true,"href":"https:\/\/www.fireisland.fr\/index.php\/wp-json\/wp\/v2\/product_tag?post=5122"}],"curies":[{"name":"wp","href":"https:\/\/api.w.org\/{rel}","templated":true}]}}