{"id":4973,"date":"2025-10-23T17:29:55","date_gmt":"2025-10-23T15:29:55","guid":{"rendered":"https:\/\/www.fireisland.fr\/?post_type=product&#038;p=4973"},"modified":"2026-02-09T11:42:09","modified_gmt":"2026-02-09T10:42:09","slug":"plaquette-aimantee-pour-tgr","status":"publish","type":"product","link":"https:\/\/www.fireisland.fr\/index.php\/produit\/plaquette-aimantee-pour-tgr\/","title":{"rendered":"Plaquette aimant\u00e9e pour TGR"},"content":{"rendered":"<p>Identifiez le chef d&rsquo;\u00e9quipe et l&rsquo;\u00e9quipier sur le TGR (Tableau de Gestion des Reconnaissances) avec les noms et matricules des agents engag\u00e9s.<\/p>\n<p>La plaquette peut se fixer sur la veste de feu et ainsi \u00eatre enlev\u00e9e et aimant\u00e9e sur le TGR lors de l&rsquo;engagement.<\/p>\n<p>Deux couleurs pour les sous-officiers et les hommes du rang. Possibilit\u00e9 de personnaliser diff\u00e9remment la plaquette.<\/p>\n<p>&nbsp;<\/p>\n","protected":false},"excerpt":{"rendered":"<p>Identifiez le chef d&rsquo;\u00e9quipe et l&rsquo;\u00e9quipier sur le TGR (Tableau de Gestion des Reconnaissances) avec les noms et matricules des agents engag\u00e9s. La plaquette peut se fixer sur la veste de feu et ainsi \u00eatre enlev\u00e9e et aimant\u00e9e sur le TGR lors de l&rsquo;engagement. Deux couleurs pour les sous-officiers et les hommes du rang. Possibilit\u00e9&hellip;<\/p>\n","protected":false},"featured_media":4988,"comment_status":"open","ping_status":"closed","template":"","meta":[],"product_brand":[],"product_cat":[31,19,20,32],"product_tag":[],"class_list":{"0":"post-4973","1":"product","2":"type-product","3":"status-publish","4":"has-post-thumbnail","6":"product_cat-accessoires-divers","7":"product_cat-pour-veste-de-feu","8":"product_cat-reconnaissance","9":"product_cat-signaletique","11":"first","12":"instock","13":"shipping-taxable","14":"purchasable","15":"product-type-variable"},"jetpack_sharing_enabled":true,"_links":{"self":[{"href":"https:\/\/www.fireisland.fr\/index.php\/wp-json\/wp\/v2\/product\/4973","targetHints":{"allow":["GET"]}}],"collection":[{"href":"https:\/\/www.fireisland.fr\/index.php\/wp-json\/wp\/v2\/product"}],"about":[{"href":"https:\/\/www.fireisland.fr\/index.php\/wp-json\/wp\/v2\/types\/product"}],"replies":[{"embeddable":true,"href":"https:\/\/www.fireisland.fr\/index.php\/wp-json\/wp\/v2\/comments?post=4973"}],"wp:featuredmedia":[{"embeddable":true,"href":"https:\/\/www.fireisland.fr\/index.php\/wp-json\/wp\/v2\/media\/4988"}],"wp:attachment":[{"href":"https:\/\/www.fireisland.fr\/index.php\/wp-json\/wp\/v2\/media?parent=4973"}],"wp:term":[{"taxonomy":"product_brand","embeddable":true,"href":"https:\/\/www.fireisland.fr\/index.php\/wp-json\/wp\/v2\/product_brand?post=4973"},{"taxonomy":"product_cat","embeddable":true,"href":"https:\/\/www.fireisland.fr\/index.php\/wp-json\/wp\/v2\/product_cat?post=4973"},{"taxonomy":"product_tag","embeddable":true,"href":"https:\/\/www.fireisland.fr\/index.php\/wp-json\/wp\/v2\/product_tag?post=4973"}],"curies":[{"name":"wp","href":"https:\/\/api.w.org\/{rel}","templated":true}]}}