{"id":4742,"date":"2025-06-09T21:17:26","date_gmt":"2025-06-09T19:17:26","guid":{"rendered":"https:\/\/www.fireisland.fr\/?post_type=product&#038;p=4742"},"modified":"2026-01-30T18:16:50","modified_gmt":"2026-01-30T17:16:50","slug":"porte-cle-en-bois-avec-gravure-personnalisee","status":"publish","type":"product","link":"https:\/\/www.fireisland.fr\/index.php\/produit\/porte-cle-en-bois-avec-gravure-personnalisee\/","title":{"rendered":"Porte-cl\u00e9 en bois avec gravure personnalis\u00e9e"},"content":{"rendered":"<p>Porte-cl\u00e9 en bois personnalis\u00e9<\/p>\n<p>Indiquez le nom que vous souhaitez pour la gravure<\/p>\n","protected":false},"excerpt":{"rendered":"<p>Porte-cl\u00e9 en bois personnalis\u00e9 Indiquez le nom que vous souhaitez pour la gravure<\/p>\n","protected":false},"featured_media":4743,"comment_status":"open","ping_status":"closed","template":"","meta":[],"product_brand":[],"product_cat":[31],"product_tag":[],"class_list":{"0":"post-4742","1":"product","2":"type-product","3":"status-publish","4":"has-post-thumbnail","6":"product_cat-accessoires-divers","8":"first","9":"instock","10":"shipping-taxable","11":"purchasable","12":"product-type-simple"},"jetpack_sharing_enabled":true,"_links":{"self":[{"href":"https:\/\/www.fireisland.fr\/index.php\/wp-json\/wp\/v2\/product\/4742","targetHints":{"allow":["GET"]}}],"collection":[{"href":"https:\/\/www.fireisland.fr\/index.php\/wp-json\/wp\/v2\/product"}],"about":[{"href":"https:\/\/www.fireisland.fr\/index.php\/wp-json\/wp\/v2\/types\/product"}],"replies":[{"embeddable":true,"href":"https:\/\/www.fireisland.fr\/index.php\/wp-json\/wp\/v2\/comments?post=4742"}],"wp:featuredmedia":[{"embeddable":true,"href":"https:\/\/www.fireisland.fr\/index.php\/wp-json\/wp\/v2\/media\/4743"}],"wp:attachment":[{"href":"https:\/\/www.fireisland.fr\/index.php\/wp-json\/wp\/v2\/media?parent=4742"}],"wp:term":[{"taxonomy":"product_brand","embeddable":true,"href":"https:\/\/www.fireisland.fr\/index.php\/wp-json\/wp\/v2\/product_brand?post=4742"},{"taxonomy":"product_cat","embeddable":true,"href":"https:\/\/www.fireisland.fr\/index.php\/wp-json\/wp\/v2\/product_cat?post=4742"},{"taxonomy":"product_tag","embeddable":true,"href":"https:\/\/www.fireisland.fr\/index.php\/wp-json\/wp\/v2\/product_tag?post=4742"}],"curies":[{"name":"wp","href":"https:\/\/api.w.org\/{rel}","templated":true}]}}