{"id":2375,"date":"2023-03-18T14:16:14","date_gmt":"2023-03-18T13:16:14","guid":{"rendered":"https:\/\/www.fireisland.fr\/?post_type=product&#038;p=2375"},"modified":"2026-03-24T01:01:53","modified_gmt":"2026-03-24T00:01:53","slug":"scratch-pompier-porte-gants-avec-bande-reflechissante","status":"publish","type":"product","link":"https:\/\/www.fireisland.fr\/index.php\/produit\/scratch-pompier-porte-gants-avec-bande-reflechissante\/","title":{"rendered":"Scratch pompier porte-gants avec bande r\u00e9fl\u00e9chissante"},"content":{"rendered":"<p>Scratch pompier porte-gants avec bande r\u00e9fl\u00e9chissante fluo<\/p>\n<p>Avec mousqueton<\/p>\n<p>Largeur sangle : 25mm<\/p>\n<p>Fabriqu\u00e9 en France<\/p>\n","protected":false},"excerpt":{"rendered":"<p>Scratch pompier porte-gants avec bande r\u00e9fl\u00e9chissante fluo Avec mousqueton Largeur sangle : 25mm Fabriqu\u00e9 en France<\/p>\n","protected":false},"featured_media":2376,"comment_status":"open","ping_status":"closed","template":"","meta":[],"product_brand":[],"product_cat":[22,19],"product_tag":[],"class_list":{"0":"post-2375","1":"product","2":"type-product","3":"status-publish","4":"has-post-thumbnail","6":"product_cat-porte-gants","7":"product_cat-pour-veste-de-feu","9":"first","10":"instock","11":"shipping-taxable","12":"purchasable","13":"product-type-simple"},"jetpack_sharing_enabled":true,"_links":{"self":[{"href":"https:\/\/www.fireisland.fr\/index.php\/wp-json\/wp\/v2\/product\/2375","targetHints":{"allow":["GET"]}}],"collection":[{"href":"https:\/\/www.fireisland.fr\/index.php\/wp-json\/wp\/v2\/product"}],"about":[{"href":"https:\/\/www.fireisland.fr\/index.php\/wp-json\/wp\/v2\/types\/product"}],"replies":[{"embeddable":true,"href":"https:\/\/www.fireisland.fr\/index.php\/wp-json\/wp\/v2\/comments?post=2375"}],"wp:featuredmedia":[{"embeddable":true,"href":"https:\/\/www.fireisland.fr\/index.php\/wp-json\/wp\/v2\/media\/2376"}],"wp:attachment":[{"href":"https:\/\/www.fireisland.fr\/index.php\/wp-json\/wp\/v2\/media?parent=2375"}],"wp:term":[{"taxonomy":"product_brand","embeddable":true,"href":"https:\/\/www.fireisland.fr\/index.php\/wp-json\/wp\/v2\/product_brand?post=2375"},{"taxonomy":"product_cat","embeddable":true,"href":"https:\/\/www.fireisland.fr\/index.php\/wp-json\/wp\/v2\/product_cat?post=2375"},{"taxonomy":"product_tag","embeddable":true,"href":"https:\/\/www.fireisland.fr\/index.php\/wp-json\/wp\/v2\/product_tag?post=2375"}],"curies":[{"name":"wp","href":"https:\/\/api.w.org\/{rel}","templated":true}]}}