{"id":1600,"date":"2022-08-27T11:52:34","date_gmt":"2022-08-27T09:52:34","guid":{"rendered":"https:\/\/www.fireisland.fr\/?post_type=product&#038;p=1600"},"modified":"2026-03-09T09:42:39","modified_gmt":"2026-03-09T08:42:39","slug":"porte-gants-pompiers-noir-et-fluo","status":"publish","type":"product","link":"https:\/\/www.fireisland.fr\/index.php\/produit\/porte-gants-pompiers-noir-et-fluo\/","title":{"rendered":"Porte gants pompiers noir et fluo"},"content":{"rendered":"<p>Porte-gants avec mousqueton metal tactique<\/p>\n<p>Au choix :<\/p>\n<p>bande r\u00e9fl\u00e9chissante jaune fluo et scratch jaune fluo<br \/>\nbande r\u00e9fl\u00e9chissante grise et scratch noir<br \/>\nbande r\u00e9fl\u00e9chissante orange et scratch orange fluo<br \/>\nbande r\u00e9fl\u00e9chissante rose et scratch rose fluo<\/p>\n<p>Possibilit\u00e9 de personnalisation avec le pr\u00e9nom : <a href=\"https:\/\/www.fireisland.fr\/index.php\/produit\/porte-gant-personnalise-pompier-avec-marquage-personnalise\/\">https:\/\/www.fireisland.fr\/index.php\/produit\/porte-gant-personnalise-pompier-avec-marquage-personnalise\/<\/a><\/p>\n","protected":false},"excerpt":{"rendered":"<p>Porte-gants avec mousqueton metal tactique Au choix : bande r\u00e9fl\u00e9chissante jaune fluo et scratch jaune fluo bande r\u00e9fl\u00e9chissante grise et scratch noir bande r\u00e9fl\u00e9chissante orange et scratch orange fluo bande r\u00e9fl\u00e9chissante rose et scratch rose fluo Possibilit\u00e9 de personnalisation avec le pr\u00e9nom : https:\/\/www.fireisland.fr\/index.php\/produit\/porte-gant-personnalise-pompier-avec-marquage-personnalise\/<\/p>\n","protected":false},"featured_media":2189,"comment_status":"open","ping_status":"closed","template":"","meta":[],"product_brand":[],"product_cat":[22],"product_tag":[],"class_list":{"0":"post-1600","1":"product","2":"type-product","3":"status-publish","4":"has-post-thumbnail","6":"product_cat-porte-gants","8":"first","9":"instock","10":"shipping-taxable","11":"purchasable","12":"product-type-variable"},"jetpack_sharing_enabled":true,"_links":{"self":[{"href":"https:\/\/www.fireisland.fr\/index.php\/wp-json\/wp\/v2\/product\/1600","targetHints":{"allow":["GET"]}}],"collection":[{"href":"https:\/\/www.fireisland.fr\/index.php\/wp-json\/wp\/v2\/product"}],"about":[{"href":"https:\/\/www.fireisland.fr\/index.php\/wp-json\/wp\/v2\/types\/product"}],"replies":[{"embeddable":true,"href":"https:\/\/www.fireisland.fr\/index.php\/wp-json\/wp\/v2\/comments?post=1600"}],"wp:featuredmedia":[{"embeddable":true,"href":"https:\/\/www.fireisland.fr\/index.php\/wp-json\/wp\/v2\/media\/2189"}],"wp:attachment":[{"href":"https:\/\/www.fireisland.fr\/index.php\/wp-json\/wp\/v2\/media?parent=1600"}],"wp:term":[{"taxonomy":"product_brand","embeddable":true,"href":"https:\/\/www.fireisland.fr\/index.php\/wp-json\/wp\/v2\/product_brand?post=1600"},{"taxonomy":"product_cat","embeddable":true,"href":"https:\/\/www.fireisland.fr\/index.php\/wp-json\/wp\/v2\/product_cat?post=1600"},{"taxonomy":"product_tag","embeddable":true,"href":"https:\/\/www.fireisland.fr\/index.php\/wp-json\/wp\/v2\/product_tag?post=1600"}],"curies":[{"name":"wp","href":"https:\/\/api.w.org\/{rel}","templated":true}]}}