{"id":1131,"date":"2022-04-30T11:48:23","date_gmt":"2022-04-30T09:48:23","guid":{"rendered":"https:\/\/www.fireisland.fr\/?post_type=product&#038;p=1131"},"modified":"2026-02-15T21:47:08","modified_gmt":"2026-02-15T20:47:08","slug":"porte-stylo-ecusson-avec-stylo-led","status":"publish","type":"product","link":"https:\/\/www.fireisland.fr\/index.php\/produit\/porte-stylo-ecusson-avec-stylo-led\/","title":{"rendered":"Porte-stylo \u00e9cusson avec stylo LED"},"content":{"rendered":"<p>Compos\u00e9 de deux \u00e9l\u00e9ments :<\/p>\n<ul>\n<li>Porte stylo qui se scratche sur l&rsquo;\u00e9paule. Fabriqu\u00e9 en France<\/li>\n<li>Stylo LED amovible, permet \u00e9galement lorsque la mine est ferm\u00e9e, de manipuler un \u00e9cran tactile, pratique avec des gants<\/li>\n<\/ul>\n<p>&nbsp;<\/p>\n","protected":false},"excerpt":{"rendered":"<p>Compos\u00e9 de deux \u00e9l\u00e9ments : Porte stylo qui se scratche sur l&rsquo;\u00e9paule. Fabriqu\u00e9 en France Stylo LED amovible, permet \u00e9galement lorsque la mine est ferm\u00e9e, de manipuler un \u00e9cran tactile, pratique avec des gants &nbsp;<\/p>\n","protected":false},"featured_media":1134,"comment_status":"open","ping_status":"closed","template":"","meta":[],"product_brand":[],"product_cat":[21],"product_tag":[],"class_list":{"0":"post-1131","1":"product","2":"type-product","3":"status-publish","4":"has-post-thumbnail","6":"product_cat-ecussons","8":"first","9":"instock","10":"shipping-taxable","11":"purchasable","12":"product-type-simple"},"jetpack_sharing_enabled":true,"_links":{"self":[{"href":"https:\/\/www.fireisland.fr\/index.php\/wp-json\/wp\/v2\/product\/1131","targetHints":{"allow":["GET"]}}],"collection":[{"href":"https:\/\/www.fireisland.fr\/index.php\/wp-json\/wp\/v2\/product"}],"about":[{"href":"https:\/\/www.fireisland.fr\/index.php\/wp-json\/wp\/v2\/types\/product"}],"replies":[{"embeddable":true,"href":"https:\/\/www.fireisland.fr\/index.php\/wp-json\/wp\/v2\/comments?post=1131"}],"wp:featuredmedia":[{"embeddable":true,"href":"https:\/\/www.fireisland.fr\/index.php\/wp-json\/wp\/v2\/media\/1134"}],"wp:attachment":[{"href":"https:\/\/www.fireisland.fr\/index.php\/wp-json\/wp\/v2\/media?parent=1131"}],"wp:term":[{"taxonomy":"product_brand","embeddable":true,"href":"https:\/\/www.fireisland.fr\/index.php\/wp-json\/wp\/v2\/product_brand?post=1131"},{"taxonomy":"product_cat","embeddable":true,"href":"https:\/\/www.fireisland.fr\/index.php\/wp-json\/wp\/v2\/product_cat?post=1131"},{"taxonomy":"product_tag","embeddable":true,"href":"https:\/\/www.fireisland.fr\/index.php\/wp-json\/wp\/v2\/product_tag?post=1131"}],"curies":[{"name":"wp","href":"https:\/\/api.w.org\/{rel}","templated":true}]}}