{"id":230,"date":"2021-06-16T09:31:09","date_gmt":"2021-06-16T07:31:09","guid":{"rendered":"https:\/\/www.fireisland.fr\/?page_id=230"},"modified":"2023-11-08T11:51:59","modified_gmt":"2023-11-08T10:51:59","slug":"pour-les-amicales","status":"publish","type":"page","link":"https:\/\/www.fireisland.fr\/index.php\/pour-les-amicales\/","title":{"rendered":"Devis personnalis\u00e9 ou contact"},"content":{"rendered":"\n<p>Vous souhaitez faire une commande group\u00e9e  ? N&rsquo;h\u00e9sitez pas \u00e0 nous contacter pour obtenir un devis personnalis\u00e9.<\/p>\n\n\n\n<p>Vous avez une vitrine dans votre caserne o\u00f9 vous faites de la vente, contactez-nous pour obtenir des infos et revendre les produits.<\/p>\n\n\n\n<p class=\"has-text-align-center has-medium-font-size\">Vous souhaitez fabriquer votre \u00e9cusson, demandez un devis en \u00e9crivant \u00e0   <\/p>\n\n\n\n<p class=\"has-text-align-center has-large-font-size\"><a href=\"mailto:fireislandaccessoires@gmail.com\">fireislandaccessoires@gmail.com<\/a><\/p>\n\n\n\n<figure class=\"wp-block-image size-full\"><img fetchpriority=\"high\" decoding=\"async\" width=\"922\" height=\"738\" src=\"https:\/\/www.fireisland.fr\/wp-content\/uploads\/2023\/10\/Capture-decran-2023-10-26-a-16.53.20.png\" alt=\"\" class=\"wp-image-3021\" srcset=\"https:\/\/www.fireisland.fr\/wp-content\/uploads\/2023\/10\/Capture-decran-2023-10-26-a-16.53.20.png 922w, https:\/\/www.fireisland.fr\/wp-content\/uploads\/2023\/10\/Capture-decran-2023-10-26-a-16.53.20-300x240.png 300w, https:\/\/www.fireisland.fr\/wp-content\/uploads\/2023\/10\/Capture-decran-2023-10-26-a-16.53.20-768x615.png 768w, https:\/\/www.fireisland.fr\/wp-content\/uploads\/2023\/10\/Capture-decran-2023-10-26-a-16.53.20-600x480.png 600w\" sizes=\"(max-width: 922px) 100vw, 922px\" \/><\/figure>\n","protected":false},"excerpt":{"rendered":"<p>Vous souhaitez faire une commande group\u00e9e ? N&rsquo;h\u00e9sitez pas \u00e0 nous contacter pour obtenir un devis personnalis\u00e9. Vous avez une vitrine dans votre caserne o\u00f9 vous faites de la vente, contactez-nous pour obtenir des infos et revendre les produits. Vous souhaitez fabriquer votre \u00e9cusson, demandez un devis en \u00e9crivant \u00e0 fireislandaccessoires@gmail.com<\/p>\n","protected":false},"author":1,"featured_media":0,"parent":0,"menu_order":0,"comment_status":"closed","ping_status":"closed","template":"","meta":{"footnotes":""},"class_list":["post-230","page","type-page","status-publish","hentry"],"jetpack_sharing_enabled":true,"_links":{"self":[{"href":"https:\/\/www.fireisland.fr\/index.php\/wp-json\/wp\/v2\/pages\/230","targetHints":{"allow":["GET"]}}],"collection":[{"href":"https:\/\/www.fireisland.fr\/index.php\/wp-json\/wp\/v2\/pages"}],"about":[{"href":"https:\/\/www.fireisland.fr\/index.php\/wp-json\/wp\/v2\/types\/page"}],"author":[{"embeddable":true,"href":"https:\/\/www.fireisland.fr\/index.php\/wp-json\/wp\/v2\/users\/1"}],"replies":[{"embeddable":true,"href":"https:\/\/www.fireisland.fr\/index.php\/wp-json\/wp\/v2\/comments?post=230"}],"version-history":[{"count":8,"href":"https:\/\/www.fireisland.fr\/index.php\/wp-json\/wp\/v2\/pages\/230\/revisions"}],"predecessor-version":[{"id":3091,"href":"https:\/\/www.fireisland.fr\/index.php\/wp-json\/wp\/v2\/pages\/230\/revisions\/3091"}],"wp:attachment":[{"href":"https:\/\/www.fireisland.fr\/index.php\/wp-json\/wp\/v2\/media?parent=230"}],"curies":[{"name":"wp","href":"https:\/\/api.w.org\/{rel}","templated":true}]}}